{"id":1409,"date":"2025-02-21T16:50:54","date_gmt":"2025-02-21T16:50:54","guid":{"rendered":"https:\/\/augenoptik-sachau.de\/about\/"},"modified":"2025-10-23T15:56:16","modified_gmt":"2025-10-23T15:56:16","slug":"about","status":"publish","type":"page","link":"https:\/\/augenoptik-sachau.de\/?page_id=1409","title":{"rendered":"About-us"},"content":{"rendered":"\n<div class=\"wp-block-uagb-container uagb-block-1bae3a6f alignfull uagb-is-root-container\"><div class=\"uagb-container-inner-blocks-wrap\">\n<div class=\"wp-block-uagb-info-box uagb-block-58364634 uagb-infobox__content-wrap  uagb-infobox-icon-above-title uagb-infobox-image-valign-top\"><div class=\"uagb-ifb-content\"><div class=\"uagb-ifb-title-wrap\"><h1 class=\"uagb-ifb-title\">Augenoptik Sachau \u2013 Ihre Seh-Spezialisten<\/h1><\/div><p class=\"uagb-ifb-desc\">Erfahren Sie mehr \u00fcber unsere Leidenschaft f\u00fcr individuelles Sehen und die pers\u00f6nliche Betreuung, die wir Ihnen bieten.<\/p><\/div><\/div>\n<\/div><\/div>\n\n\n\n<div class=\"wp-block-uagb-container uagb-block-3cb3bc87 alignfull uagb-is-root-container\"><div class=\"uagb-container-inner-blocks-wrap\">\n<div class=\"wp-block-uagb-info-box uagb-block-b3852649 uagb-infobox__content-wrap  uagb-infobox-icon-above-title uagb-infobox-image-valign-top\"><div class=\"uagb-ifb-content\"><div class=\"uagb-ifb-title-wrap\"><p class=\"uagb-ifb-title-prefix\">Unsere Geschichte und Philosophie<\/p><h2 class=\"uagb-ifb-title\">Die Entwicklung von Augenoptik Sachau \u00fcber die Jahre<\/h2><\/div><\/div><\/div>\n\n\n\n<div class=\"wp-block-uagb-container uagb-block-b076eb91\">\n<div class=\"wp-block-uagb-advanced-heading uagb-block-438cc7dc\"><p class=\"uagb-heading-text\">Firmengeschichte<\/p><\/div>\n\n\n\n<div class=\"wp-block-uagb-advanced-heading uagb-block-4719c99d\"><p class=\"uagb-heading-text\">\u00a01997<br>\u00dcbernahme des Traditionsgesch\u00e4ftes &#8222;Ansorge-Optik&#8220; in Berlin-Pankow nach langj\u00e4hriger Betriebszugeh\u00f6rigkeit durch Frau Marina Sachau mit Umfirmierung in &#8222;Augenoptik Sachau&#8220;    <br>10\/1999<br><br>Er\u00f6ffnung des 2. Gesch\u00e4ftes im Heimatort Klosterfelde von Frau Sachau<br><br>07\/2001<br><br>Erwerb des Titels &#8222;Augenoptikermeisterin (HWK)&#8220; durch Frau Sachau nach 3-j\u00e4hriger berufsbegleitender Meisterschule im ZVA Hauptkurszentrum K\u00f6ln<br><br>01\/2002<br><br>Erweiterung des Klosterfelder Gesch\u00e4ftes um die Kontaktlinsenabteilung mit Hightech-Ger\u00e4ten (Keratograph) u.a. f\u00fcr medizinische Spezialkontaktlinsenversorgung<br><br>05\/2005<br><br>Er\u00f6ffnung des 3. Gesch\u00e4ftes in Biesenthal<br><br>06\/2006<br><br>Umzug des Stammgesch\u00e4ftes Pankow nach Zepernick<br><br>05\/2009<br><br>Schlie\u00dfung des Biesenthaler Gesch\u00e4ftes<br><br>12\/2011<br><br>Aufbaustudium und Abschluss als &#8222;Optometristin (ZVA)&#8220; von Frau Sachau<br><br>03\/2012<br><br>Er\u00f6ffnung der Screening-Abteilung im Klosterfelder Gesch\u00e4ft mit Pentacam\u00ae , PanOptic\u2122 Ophthalmoskop und Rebound-Tonometer\u00a0<br><br>03\/2013<br><br>Erweiterung der Screening-Abteilung um eine non-mydriatische Netzhautkamera<br><br>09\/2014<br><br>Berufung zur Dozentin f\u00fcr Oculus zum Thema \u201eInterdisziplin\u00e4re T\u00e4tigkeit mit Unterst\u00fctzung durch Pentacam und Funduskamera\u201c<br><br>10\/2014<br>Nach 8 Monaten Zwangspause Wiederer\u00f6ffnung des Zepernicker Gesch\u00e4ftes an neuer Stelle gegen\u00fcber der Zepernicker Feuerwehr<br><br><br>10\/2015<br><br>Erweiterung des Leistungsangebotes im Zepernicker Gesch\u00e4ft um eine non-mydriatische Funduskamera<br><br><br>06\/2019<br><br><br>Umbau und Erweiterung um &#8222;die gute Stube&#8220; in Klosterfelde<br><br><br>01\/2022<br><br><br>Er\u00f6ffnung des neuen Kinderoptometrie-Raumes in Klosterfelde<br><\/p><\/div>\n<\/div>\n\n\n\n<div class=\"wp-block-uagb-image aligncenter uagb-block-460dd4b9 wp-block-uagb-image--layout-default wp-block-uagb-image--effect-static wp-block-uagb-image--align-center\"><figure class=\"wp-block-uagb-image__figure\"><img decoding=\"async\" srcset=\"https:\/\/augenoptik-sachau.de\/wp-content\/uploads\/2025\/02\/Unbenannt.jpg , https:\/\/augenoptik-sachau.de\/wp-content\/uploads\/2025\/02\/Unbenannt.jpg 360w\" sizes=\"auto, (max-width: 480px) 150px\" src=\"https:\/\/augenoptik-sachau.de\/wp-content\/uploads\/2025\/02\/Unbenannt.jpg\" alt=\"\" class=\"uag-image-10\" width=\"1200\" height=\"450\" title=\"\" loading=\"lazy\" role=\"img\"\/><\/figure><\/div>\n<\/div><\/div>\n\n\n\n<div class=\"wp-block-uagb-container uagb-block-ea6becb3 alignfull uagb-is-root-container\"><div class=\"uagb-container-inner-blocks-wrap\"><\/div><\/div>\n\n\n\n<div class=\"wp-block-uagb-container uagb-block-f3acc4b3 alignfull uagb-is-root-container\"><div class=\"uagb-container-inner-blocks-wrap\">\n<div class=\"wp-block-uagb-container uagb-block-b93b5098\">\n<div class=\"wp-block-uagb-info-box uagb-block-b33b0804 uagb-infobox__content-wrap  uagb-infobox-icon-above-title uagb-infobox-image-valign-top\"><div class=\"uagb-ifb-content\"><div class=\"uagb-ifb-title-wrap\"><p class=\"uagb-ifb-title-prefix\">Unsere Vision und Mission<\/p><h2 class=\"uagb-ifb-title\">Wir streben danach, Ihre Sehqualit\u00e4t zu verbessern und Ihre Augen zu sch\u00fctzen<\/h2><\/div><\/div><\/div>\n\n\n\n<div class=\"wp-block-uagb-container uagb-block-89fc5a53\">\n<div class=\"wp-block-uagb-info-box uagb-block-b296386a uagb-infobox__content-wrap  uagb-infobox-icon-above-title uagb-infobox-image-valign-top\"><div class=\"uagb-ifb-content\"><div class=\"uagb-ifb-icon-wrap\"><svg xmlns=\"https:\/\/www.w3.org\/2000\/svg\" viewBox=\"0 0 448 512\"><path d=\"M438.6 105.4C451.1 117.9 451.1 138.1 438.6 150.6L182.6 406.6C170.1 419.1 149.9 419.1 137.4 406.6L9.372 278.6C-3.124 266.1-3.124 245.9 9.372 233.4C21.87 220.9 42.13 220.9 54.63 233.4L159.1 338.7L393.4 105.4C405.9 92.88 426.1 92.88 438.6 105.4H438.6z\"><\/path><\/svg><\/div><div class=\"uagb-ifb-title-wrap\"><p class=\"uagb-ifb-title\">Unsere Vision<\/p><\/div><p class=\"uagb-ifb-desc\">Wir m\u00f6chten die erste Wahl f\u00fcr Augenoptik in Wandlitz sein und jedem die Bedeutung einer klaren Sicht n\u00e4herbringen.<\/p><\/div><\/div>\n\n\n\n<div class=\"wp-block-uagb-info-box uagb-block-042b17f6 uagb-infobox__content-wrap  uagb-infobox-icon-above-title uagb-infobox-image-valign-top\"><div class=\"uagb-ifb-content\"><div class=\"uagb-ifb-icon-wrap\"><svg xmlns=\"https:\/\/www.w3.org\/2000\/svg\" viewBox=\"0 0 448 512\"><path d=\"M438.6 105.4C451.1 117.9 451.1 138.1 438.6 150.6L182.6 406.6C170.1 419.1 149.9 419.1 137.4 406.6L9.372 278.6C-3.124 266.1-3.124 245.9 9.372 233.4C21.87 220.9 42.13 220.9 54.63 233.4L159.1 338.7L393.4 105.4C405.9 92.88 426.1 92.88 438.6 105.4H438.6z\"><\/path><\/svg><\/div><div class=\"uagb-ifb-title-wrap\"><p class=\"uagb-ifb-title\">Unsere Mission<\/p><\/div><p class=\"uagb-ifb-desc\">Unser Ziel ist es, jedem Kunden eine individuelle, ma\u00dfgeschneiderte L\u00f6sung zu bieten, die seine Sehbed\u00fcrfnisse und Stilvorlieben erf\u00fcllt.<\/p><\/div><\/div>\n<\/div>\n<\/div>\n\n\n\n<div class=\"wp-block-uagb-container uagb-block-93ce7e38\">\n<div class=\"wp-block-uagb-image alignleft uagb-block-3e552795 wp-block-uagb-image--layout-default wp-block-uagb-image--effect-static wp-block-uagb-image--align-left\"><figure class=\"wp-block-uagb-image__figure\"><img decoding=\"async\" srcset=\"https:\/\/augenoptik-sachau.de\/wp-content\/uploads\/2025\/02\/gecko.jpg , https:\/\/augenoptik-sachau.de\/wp-content\/uploads\/2025\/02\/gecko.jpg 360w\" sizes=\"auto, (max-width: 480px) 150px\" src=\"https:\/\/augenoptik-sachau.de\/wp-content\/uploads\/2025\/02\/gecko.jpg\" alt=\"\" class=\"uag-image-9\" width=\"349\" height=\"450\" title=\"\" loading=\"lazy\" role=\"img\"\/><\/figure><\/div>\n<\/div>\n<\/div><\/div>\n\n\n\n<div class=\"wp-block-uagb-container uagb-block-47e6ca19 alignfull uagb-is-root-container\"><div class=\"uagb-container-inner-blocks-wrap\">\n<div class=\"wp-block-uagb-container uagb-block-5d78b710\">\n<div class=\"wp-block-uagb-info-box uagb-block-339dde46 uagb-infobox__content-wrap  uagb-infobox-icon-above-title uagb-infobox-image-valign-top\"><div class=\"uagb-ifb-content\"><div class=\"uagb-ifb-title-wrap\"><h2 class=\"uagb-ifb-title\">Kontaktieren Sie uns f\u00fcr mehr Informationen!<\/h2><\/div><p class=\"uagb-ifb-desc\">Wir freuen uns, Ihnen bei Ihren Sehanforderungen zu helfen.<\/p><div class=\"uagb-ifb-button-wrapper wp-block-button\"><a href=\"?page_id=1411\" class=\"uagb-infobox-cta-link wp-block-button__link\" target=\"_self\" rel=\"noopener noreferrer\" onclick=\"return true;\"><span class=\"uagb-inline-editing\">Jetzt Termin vereinbaren<\/span><\/a><\/div><\/div><\/div>\n<\/div>\n<\/div><\/div>\n","protected":false},"excerpt":{"rendered":"<p>Firmengeschichte \u00a01997\u00dcbernahme des Traditionsgesch\u00e4ftes &#8222;Ansorge-Optik&#8220; in Berlin-Pankow nach langj\u00e4hriger Betriebszugeh\u00f6rigkeit durch Frau Marina Sachau mit Umfirmierung in &#8222;Augenoptik Sachau&#8220; 10\/1999 [&hellip;]<\/p>\n","protected":false},"author":1,"featured_media":0,"parent":0,"menu_order":0,"comment_status":"closed","ping_status":"closed","template":"","meta":{"_uag_custom_page_level_css":"","site-sidebar-layout":"default","site-content-layout":"","ast-site-content-layout":"normal-width-container","site-content-style":"default","site-sidebar-style":"default","ast-global-header-display":"","ast-banner-title-visibility":"","ast-main-header-display":"","ast-hfb-above-header-display":"","ast-hfb-below-header-display":"","ast-hfb-mobile-header-display":"","site-post-title":"disabled","ast-breadcrumbs-content":"","ast-featured-img":"","footer-sml-layout":"","ast-disable-related-posts":"","theme-transparent-header-meta":"enabled","adv-header-id-meta":"","stick-header-meta":"","header-above-stick-meta":"","header-main-stick-meta":"","header-below-stick-meta":"","astra-migrate-meta-layouts":"default","ast-page-background-enabled":"default","ast-page-background-meta":{"desktop":{"background-color":"var(--ast-global-color-4)","background-image":"","background-repeat":"repeat","background-position":"center center","background-size":"auto","background-attachment":"scroll","background-type":"","background-media":"","overlay-type":"","overlay-color":"","overlay-opacity":"","overlay-gradient":""},"tablet":{"background-color":"","background-image":"","background-repeat":"repeat","background-position":"center center","background-size":"auto","background-attachment":"scroll","background-type":"","background-media":"","overlay-type":"","overlay-color":"","overlay-opacity":"","overlay-gradient":""},"mobile":{"background-color":"","background-image":"","background-repeat":"repeat","background-position":"center center","background-size":"auto","background-attachment":"scroll","background-type":"","background-media":"","overlay-type":"","overlay-color":"","overlay-opacity":"","overlay-gradient":""}},"ast-content-background-meta":{"desktop":{"background-color":"var(--ast-global-color-5)","background-image":"","background-repeat":"repeat","background-position":"center center","background-size":"auto","background-attachment":"scroll","background-type":"","background-media":"","overlay-type":"","overlay-color":"","overlay-opacity":"","overlay-gradient":""},"tablet":{"background-color":"var(--ast-global-color-5)","background-image":"","background-repeat":"repeat","background-position":"center center","background-size":"auto","background-attachment":"scroll","background-type":"","background-media":"","overlay-type":"","overlay-color":"","overlay-opacity":"","overlay-gradient":""},"mobile":{"background-color":"var(--ast-global-color-5)","background-image":"","background-repeat":"repeat","background-position":"center center","background-size":"auto","background-attachment":"scroll","background-type":"","background-media":"","overlay-type":"","overlay-color":"","overlay-opacity":"","overlay-gradient":""}},"footnotes":""},"class_list":["post-1409","page","type-page","status-publish","hentry"],"yoast_head":"<!-- This site is optimized with the Yoast SEO plugin v27.5 - https:\/\/yoast.com\/product\/yoast-seo-wordpress\/ -->\n<title>About-us - Augenoptik Sachau<\/title>\n<meta name=\"robots\" content=\"index, follow, max-snippet:-1, max-image-preview:large, max-video-preview:-1\" \/>\n<link rel=\"canonical\" href=\"https:\/\/augenoptik-sachau.de\/?page_id=1409\" \/>\n<meta property=\"og:locale\" content=\"de_DE\" \/>\n<meta property=\"og:type\" content=\"article\" \/>\n<meta property=\"og:title\" content=\"About-us - Augenoptik Sachau\" \/>\n<meta property=\"og:description\" content=\"Firmengeschichte \u00a01997\u00dcbernahme des Traditionsgesch\u00e4ftes &#8222;Ansorge-Optik&#8220; in Berlin-Pankow nach langj\u00e4hriger Betriebszugeh\u00f6rigkeit durch Frau Marina Sachau mit Umfirmierung in &#8222;Augenoptik Sachau&#8220; 10\/1999 [&hellip;]\" \/>\n<meta property=\"og:url\" content=\"https:\/\/augenoptik-sachau.de\/?page_id=1409\" \/>\n<meta property=\"og:site_name\" content=\"Augenoptik Sachau\" \/>\n<meta property=\"article:modified_time\" content=\"2025-10-23T15:56:16+00:00\" \/>\n<meta property=\"og:image\" content=\"https:\/\/augenoptik-sachau.de\/wp-content\/uploads\/2025\/02\/Unbenannt.jpg\" \/>\n<meta name=\"twitter:card\" content=\"summary_large_image\" \/>\n<meta name=\"twitter:label1\" content=\"Gesch\u00e4tzte Lesezeit\" \/>\n\t<meta name=\"twitter:data1\" content=\"4\u00a0Minuten\" \/>\n<script type=\"application\/ld+json\" class=\"yoast-schema-graph\">{\"@context\":\"https:\\\/\\\/schema.org\",\"@graph\":[{\"@type\":\"WebPage\",\"@id\":\"https:\\\/\\\/augenoptik-sachau.de\\\/?page_id=1409\",\"url\":\"https:\\\/\\\/augenoptik-sachau.de\\\/?page_id=1409\",\"name\":\"About-us - Augenoptik Sachau\",\"isPartOf\":{\"@id\":\"https:\\\/\\\/augenoptik-sachau.de\\\/#website\"},\"primaryImageOfPage\":{\"@id\":\"https:\\\/\\\/augenoptik-sachau.de\\\/?page_id=1409#primaryimage\"},\"image\":{\"@id\":\"https:\\\/\\\/augenoptik-sachau.de\\\/?page_id=1409#primaryimage\"},\"thumbnailUrl\":\"https:\\\/\\\/augenoptik-sachau.de\\\/wp-content\\\/uploads\\\/2025\\\/02\\\/Unbenannt.jpg\",\"datePublished\":\"2025-02-21T16:50:54+00:00\",\"dateModified\":\"2025-10-23T15:56:16+00:00\",\"breadcrumb\":{\"@id\":\"https:\\\/\\\/augenoptik-sachau.de\\\/?page_id=1409#breadcrumb\"},\"inLanguage\":\"de\",\"potentialAction\":[{\"@type\":\"ReadAction\",\"target\":[\"https:\\\/\\\/augenoptik-sachau.de\\\/?page_id=1409\"]}]},{\"@type\":\"ImageObject\",\"inLanguage\":\"de\",\"@id\":\"https:\\\/\\\/augenoptik-sachau.de\\\/?page_id=1409#primaryimage\",\"url\":\"https:\\\/\\\/augenoptik-sachau.de\\\/wp-content\\\/uploads\\\/2025\\\/02\\\/Unbenannt.jpg\",\"contentUrl\":\"https:\\\/\\\/augenoptik-sachau.de\\\/wp-content\\\/uploads\\\/2025\\\/02\\\/Unbenannt.jpg\",\"width\":259,\"height\":194},{\"@type\":\"BreadcrumbList\",\"@id\":\"https:\\\/\\\/augenoptik-sachau.de\\\/?page_id=1409#breadcrumb\",\"itemListElement\":[{\"@type\":\"ListItem\",\"position\":1,\"name\":\"Startseite\",\"item\":\"https:\\\/\\\/augenoptik-sachau.de\\\/\"},{\"@type\":\"ListItem\",\"position\":2,\"name\":\"About-us\"}]},{\"@type\":\"WebSite\",\"@id\":\"https:\\\/\\\/augenoptik-sachau.de\\\/#website\",\"url\":\"https:\\\/\\\/augenoptik-sachau.de\\\/\",\"name\":\"Augenoptik Sachau\",\"description\":\"Kompetenz in Optik und Optometrie\",\"potentialAction\":[{\"@type\":\"SearchAction\",\"target\":{\"@type\":\"EntryPoint\",\"urlTemplate\":\"https:\\\/\\\/augenoptik-sachau.de\\\/?s={search_term_string}\"},\"query-input\":{\"@type\":\"PropertyValueSpecification\",\"valueRequired\":true,\"valueName\":\"search_term_string\"}}],\"inLanguage\":\"de\"}]}<\/script>\n<!-- \/ Yoast SEO plugin. -->","yoast_head_json":{"title":"About-us - Augenoptik Sachau","robots":{"index":"index","follow":"follow","max-snippet":"max-snippet:-1","max-image-preview":"max-image-preview:large","max-video-preview":"max-video-preview:-1"},"canonical":"https:\/\/augenoptik-sachau.de\/?page_id=1409","og_locale":"de_DE","og_type":"article","og_title":"About-us - Augenoptik Sachau","og_description":"Firmengeschichte \u00a01997\u00dcbernahme des Traditionsgesch\u00e4ftes &#8222;Ansorge-Optik&#8220; in Berlin-Pankow nach langj\u00e4hriger Betriebszugeh\u00f6rigkeit durch Frau Marina Sachau mit Umfirmierung in &#8222;Augenoptik Sachau&#8220; 10\/1999 [&hellip;]","og_url":"https:\/\/augenoptik-sachau.de\/?page_id=1409","og_site_name":"Augenoptik Sachau","article_modified_time":"2025-10-23T15:56:16+00:00","og_image":[{"url":"https:\/\/augenoptik-sachau.de\/wp-content\/uploads\/2025\/02\/Unbenannt.jpg","type":"","width":"","height":""}],"twitter_card":"summary_large_image","twitter_misc":{"Gesch\u00e4tzte Lesezeit":"4\u00a0Minuten"},"schema":{"@context":"https:\/\/schema.org","@graph":[{"@type":"WebPage","@id":"https:\/\/augenoptik-sachau.de\/?page_id=1409","url":"https:\/\/augenoptik-sachau.de\/?page_id=1409","name":"About-us - Augenoptik Sachau","isPartOf":{"@id":"https:\/\/augenoptik-sachau.de\/#website"},"primaryImageOfPage":{"@id":"https:\/\/augenoptik-sachau.de\/?page_id=1409#primaryimage"},"image":{"@id":"https:\/\/augenoptik-sachau.de\/?page_id=1409#primaryimage"},"thumbnailUrl":"https:\/\/augenoptik-sachau.de\/wp-content\/uploads\/2025\/02\/Unbenannt.jpg","datePublished":"2025-02-21T16:50:54+00:00","dateModified":"2025-10-23T15:56:16+00:00","breadcrumb":{"@id":"https:\/\/augenoptik-sachau.de\/?page_id=1409#breadcrumb"},"inLanguage":"de","potentialAction":[{"@type":"ReadAction","target":["https:\/\/augenoptik-sachau.de\/?page_id=1409"]}]},{"@type":"ImageObject","inLanguage":"de","@id":"https:\/\/augenoptik-sachau.de\/?page_id=1409#primaryimage","url":"https:\/\/augenoptik-sachau.de\/wp-content\/uploads\/2025\/02\/Unbenannt.jpg","contentUrl":"https:\/\/augenoptik-sachau.de\/wp-content\/uploads\/2025\/02\/Unbenannt.jpg","width":259,"height":194},{"@type":"BreadcrumbList","@id":"https:\/\/augenoptik-sachau.de\/?page_id=1409#breadcrumb","itemListElement":[{"@type":"ListItem","position":1,"name":"Startseite","item":"https:\/\/augenoptik-sachau.de\/"},{"@type":"ListItem","position":2,"name":"About-us"}]},{"@type":"WebSite","@id":"https:\/\/augenoptik-sachau.de\/#website","url":"https:\/\/augenoptik-sachau.de\/","name":"Augenoptik Sachau","description":"Kompetenz in Optik und Optometrie","potentialAction":[{"@type":"SearchAction","target":{"@type":"EntryPoint","urlTemplate":"https:\/\/augenoptik-sachau.de\/?s={search_term_string}"},"query-input":{"@type":"PropertyValueSpecification","valueRequired":true,"valueName":"search_term_string"}}],"inLanguage":"de"}]}},"uagb_featured_image_src":{"full":false,"thumbnail":false,"medium":false,"medium_large":false,"large":false,"1536x1536":false,"2048x2048":false},"uagb_author_info":{"display_name":"admin","author_link":"https:\/\/augenoptik-sachau.de\/?author=1"},"uagb_comment_info":0,"uagb_excerpt":"Firmengeschichte \u00a01997\u00dcbernahme des Traditionsgesch\u00e4ftes &#8222;Ansorge-Optik&#8220; in Berlin-Pankow nach langj\u00e4hriger Betriebszugeh\u00f6rigkeit durch Frau Marina Sachau mit Umfirmierung in &#8222;Augenoptik Sachau&#8220; 10\/1999 [&hellip;]","_links":{"self":[{"href":"https:\/\/augenoptik-sachau.de\/index.php?rest_route=\/wp\/v2\/pages\/1409","targetHints":{"allow":["GET"]}}],"collection":[{"href":"https:\/\/augenoptik-sachau.de\/index.php?rest_route=\/wp\/v2\/pages"}],"about":[{"href":"https:\/\/augenoptik-sachau.de\/index.php?rest_route=\/wp\/v2\/types\/page"}],"author":[{"embeddable":true,"href":"https:\/\/augenoptik-sachau.de\/index.php?rest_route=\/wp\/v2\/users\/1"}],"replies":[{"embeddable":true,"href":"https:\/\/augenoptik-sachau.de\/index.php?rest_route=%2Fwp%2Fv2%2Fcomments&post=1409"}],"version-history":[{"count":6,"href":"https:\/\/augenoptik-sachau.de\/index.php?rest_route=\/wp\/v2\/pages\/1409\/revisions"}],"predecessor-version":[{"id":1798,"href":"https:\/\/augenoptik-sachau.de\/index.php?rest_route=\/wp\/v2\/pages\/1409\/revisions\/1798"}],"wp:attachment":[{"href":"https:\/\/augenoptik-sachau.de\/index.php?rest_route=%2Fwp%2Fv2%2Fmedia&parent=1409"}],"curies":[{"name":"wp","href":"https:\/\/api.w.org\/{rel}","templated":true}]}}