{"id":1799,"date":"2025-06-13T15:56:41","date_gmt":"2025-06-13T15:56:41","guid":{"rendered":"https:\/\/augenoptik-sachau.de\/?page_id=1799"},"modified":"2025-10-23T15:48:35","modified_gmt":"2025-10-23T15:48:35","slug":"augen-screening-vorsorge","status":"publish","type":"page","link":"https:\/\/augenoptik-sachau.de\/?page_id=1799","title":{"rendered":"Augen-Screening (Vorsorge)"},"content":{"rendered":"\n<div class=\"inherit-container-width wp-block-group alignfull has-ast-global-color-5-background-color has-background is-layout-constrained wp-container-core-group-is-layout-4c872afb wp-block-group-is-layout-constrained\" style=\"margin-top:0;margin-bottom:0;padding-top:min(6rem, 8vw);padding-right:min(2rem, 5vw);padding-bottom:min(6rem, 8vw);padding-left:min(2rem, 5vw)\">\n<div class=\"wp-block-group alignwide is-vertical is-layout-flex wp-container-core-group-is-layout-fe9cc265 wp-block-group-is-layout-flex\">\n<div class=\"wp-block-group is-layout-constrained wp-block-group-is-layout-constrained\">\n<h2 class=\"wp-block-heading has-x-large-font-size\">Professionelles Augen-Screening mit modernster Technik<\/h2>\n\n\n\n<p style=\"margin-top:16px\">Entdecken Sie unsere hochwertigen Screening-Verfahren mit Netzhautkamera und Pentacam, um Ihre Augengesundheit umfassend zu pr\u00fcfen.<\/p>\n<\/div>\n<\/div>\n\n\n\n<div class=\"wp-block-columns alignwide are-vertically-aligned-top is-layout-flex wp-container-core-columns-is-layout-2b10cb7c wp-block-columns-is-layout-flex\">\n<div class=\"wp-block-column is-vertically-aligned-top is-layout-flow wp-block-column-is-layout-flow\">\n<div class=\"wp-block-group is-layout-constrained wp-block-group-is-layout-constrained\">\n<h3 class=\"wp-block-heading\" style=\"font-size:20px;line-height:1.5\">Netzhautkamera Analyse<\/h3>\n\n\n\n<p class=\"has-small-font-size\" style=\"margin-top:8px\">Unsere erfahrenen Optometristen erfassen und bewerten detaillierte Netzhautbilder.<\/p>\n<\/div>\n\n\n\n<div class=\"wp-block-group is-layout-constrained wp-block-group-is-layout-constrained\">\n<h3 class=\"wp-block-heading\" style=\"font-size:20px;line-height:1.5\">Pentacam Untersuchung<\/h3>\n\n\n\n<p class=\"has-small-font-size\" style=\"margin-top:8px\">Fortschrittliche 3D-Bildgebung erm\u00f6glicht genaue Messungen zur Fr\u00fcherkennung von Augenkrankheiten.<\/p>\n<\/div>\n\n\n\n<div class=\"wp-block-group is-layout-constrained wp-block-group-is-layout-constrained\">\n<h3 class=\"wp-block-heading\" style=\"font-size:20px;line-height:1.5\">Individuelle Beratung<\/h3>\n\n\n\n<p class=\"has-small-font-size\" style=\"margin-top:8px\">Wir bieten pers\u00f6nliche Auswertung und Empfehlungen basierend auf Ihren Screening-Ergebnissen.<\/p>\n<\/div>\n<\/div>\n\n\n\n<div class=\"wp-block-column is-vertically-aligned-top is-layout-flow wp-block-column-is-layout-flow\">\n<figure class=\"wp-block-image ext-aspect-landscape\"><img loading=\"lazy\" decoding=\"async\" width=\"1280\" height=\"1013\" src=\"https:\/\/augenoptik-sachau.de\/wp-content\/uploads\/2025\/06\/photo-1631042000681-8638445d15ef.jpg\" alt=\"\" class=\"wp-image-1801\" style=\"aspect-ratio:4\/3;object-fit:cover\" srcset=\"https:\/\/augenoptik-sachau.de\/wp-content\/uploads\/2025\/06\/photo-1631042000681-8638445d15ef.jpg 1280w, https:\/\/augenoptik-sachau.de\/wp-content\/uploads\/2025\/06\/photo-1631042000681-8638445d15ef-300x237.jpg 300w, https:\/\/augenoptik-sachau.de\/wp-content\/uploads\/2025\/06\/photo-1631042000681-8638445d15ef-1024x810.jpg 1024w, https:\/\/augenoptik-sachau.de\/wp-content\/uploads\/2025\/06\/photo-1631042000681-8638445d15ef-768x608.jpg 768w\" sizes=\"auto, (max-width: 1280px) 100vw, 1280px\" \/><\/figure>\n<\/div>\n<\/div>\n<\/div>\n\n\n\n<div class=\"inherit-container-width wp-block-group alignfull has-ast-global-color-4-background-color has-background is-layout-constrained wp-container-core-group-is-layout-69ffb642 wp-block-group-is-layout-constrained\" style=\"margin-top:0;margin-bottom:0;padding-top:min(4rem, 7vw);padding-right:min(2rem, 5vw);padding-bottom:min(6rem, 8vw);padding-left:min(2rem, 5vw)\">\n<div class=\"wp-block-group alignwide is-vertical is-layout-flex wp-container-core-group-is-layout-fe9cc265 wp-block-group-is-layout-flex\">\n<div class=\"wp-block-group is-layout-constrained wp-block-group-is-layout-constrained\">\n<h2 class=\"wp-block-heading has-x-large-font-size\">Erfahren Sie mehr \u00fcber unser professionelles Augen-Screening.<\/h2>\n\n\n\n<p style=\"margin-top:16px\">Unsere erfahrenen Optometristen analysieren Ihre Netzhautbilder pr\u00e4zise.<\/p>\n<\/div>\n<\/div>\n\n\n\n<div class=\"wp-block-columns alignwide is-layout-flex wp-container-core-columns-is-layout-0285e729 wp-block-columns-is-layout-flex\">\n<div class=\"wp-block-column has-ast-global-color-5-background-color has-background is-layout-flow wp-block-column-is-layout-flow\" style=\"padding-top:1.5rem;padding-right:1.5rem;padding-bottom:1.5rem;padding-left:1.5rem\">\n<h3 class=\"wp-block-heading\" style=\"font-size:20px;line-height:1.5\">Netzhautkamera<\/h3>\n\n\n\n<p class=\"has-small-font-size\" style=\"margin-top:8px\">Moderne Technik f\u00fcr detaillierte Augenbilder.<\/p>\n<\/div>\n\n\n\n<div class=\"wp-block-column has-ast-global-color-5-background-color has-background is-layout-flow wp-block-column-is-layout-flow\" style=\"padding-top:1.5rem;padding-right:1.5rem;padding-bottom:1.5rem;padding-left:1.5rem\">\n<h3 class=\"wp-block-heading\" style=\"font-size:20px;line-height:1.5\">Pentacam<\/h3>\n\n\n\n<p class=\"has-small-font-size\" style=\"margin-top:8px\">Innovative 3D-Analyse Ihrer Hornhaut und des vorderen Augenabschnitts.<\/p>\n<\/div>\n\n\n\n<div class=\"wp-block-column has-ast-global-color-5-background-color has-background is-layout-flow wp-block-column-is-layout-flow\" style=\"padding-top:1.5rem;padding-right:1.5rem;padding-bottom:1.5rem;padding-left:1.5rem\">\n<h3 class=\"wp-block-heading\" style=\"font-size:20px;line-height:1.5\">Erfahrene Optometristen<\/h3>\n\n\n\n<p class=\"has-small-font-size\" style=\"margin-top:8px\">\u00dcber 15 Jahre Erfahrung in der Optometrie und Bildauswertung.<\/p>\n<\/div>\n\n\n\n<div class=\"wp-block-column has-ast-global-color-5-background-color has-background is-layout-flow wp-block-column-is-layout-flow\" style=\"padding-top:1.5rem;padding-right:1.5rem;padding-bottom:1.5rem;padding-left:1.5rem\">\n<h3 class=\"wp-block-heading\" style=\"font-size:20px;line-height:1.5\">Augeninnendruck<\/h3>\n\n\n\n<p class=\"has-small-font-size\" style=\"margin-top:8px\">Gern messen wir auch den Augeninnendruck mit dem i-care Tonometer.<\/p>\n<\/div>\n<\/div>\n<\/div>\n\n\n\n<div class=\"inherit-container-width wp-block-group alignfull has-ast-global-color-5-background-color has-background is-layout-constrained wp-container-core-group-is-layout-a7bc5ded wp-block-group-is-layout-constrained\" style=\"margin-top:0;margin-bottom:0;padding-top:min(6rem, 8vw);padding-right:min(2rem, 5vw);padding-bottom:min(6rem, 8vw);padding-left:min(2rem, 5vw)\">\n<div class=\"wp-block-columns alignwide are-vertically-aligned-center is-layout-flex wp-container-core-columns-is-layout-2b10cb7c wp-block-columns-is-layout-flex\">\n<div class=\"wp-block-column is-vertically-aligned-center is-layout-flow wp-block-column-is-layout-flow\" style=\"flex-basis:25%\">\n<div class=\"wp-block-group is-nowrap is-layout-flex wp-container-core-group-is-layout-3b4e9d3e wp-block-group-is-layout-flex\"><\/div>\n<\/div>\n\n\n\n<div class=\"wp-block-column is-vertically-aligned-center is-layout-flow wp-block-column-is-layout-flow\" style=\"flex-basis:66.66%\">\n<p style=\"font-size:24px;font-style:normal;font-weight:500;line-height:1.5\">&#8222;Die Untersuchung war sehr professionell und die Auswertung meiner Netzhautbilder \u00e4u\u00dferst interessant und pr\u00e4zise.&#8220;<\/p>\n<\/div>\n<\/div>\n<\/div>\n\n\n\n<div class=\"inherit-container-width wp-block-group alignfull has-ast-global-color-4-background-color has-background is-layout-constrained wp-container-core-group-is-layout-4c872afb wp-block-group-is-layout-constrained\" style=\"margin-top:0;margin-bottom:0;padding-top:min(6rem, 8vw);padding-right:min(2rem, 5vw);padding-bottom:min(6rem, 8vw);padding-left:min(2rem, 5vw)\">\n<div class=\"wp-block-columns alignwide are-vertically-aligned-center is-layout-flex wp-container-core-columns-is-layout-2b10cb7c wp-block-columns-is-layout-flex\">\n<div class=\"wp-block-column is-vertically-aligned-center is-layout-flow wp-block-column-is-layout-flow\">\n<h2 class=\"wp-block-heading has-x-large-font-size\">Buchen Sie jetzt ganz bequem Ihren Augen-Screening-Termin online.<\/h2>\n\n\n\n<p style=\"margin-top:16px\">Entdecken Sie, wie einfach und schnell Sie Ihren Termin f\u00fcr unser modernes Augen-Screening buchen k\u00f6nnen. <\/p>\n\n\n\n<div class=\"wp-block-buttons is-layout-flex wp-block-buttons-is-layout-flex\" style=\"margin-top:min(3rem, 6vw)\">\n<div class=\"wp-block-button\"><a class=\"wp-block-button__link wp-element-button\" href=\"#\">Mehr erfahren<\/a><\/div>\n<\/div>\n<\/div>\n\n\n\n<div class=\"wp-block-column is-vertically-aligned-center is-layout-flow wp-block-column-is-layout-flow\">\n<div class=\"wp-block-cover has-custom-content-position is-position-bottom-left\" style=\"border-radius:4px;padding-top:min(3rem, 6vw);padding-right:min(2rem, 5vw);padding-bottom:min(2rem, 5vw);padding-left:min(2rem, 5vw);min-height:100%;aspect-ratio:unset;\"><img loading=\"lazy\" decoding=\"async\" width=\"1280\" height=\"960\" class=\"wp-block-cover__image-background wp-image-1800\" alt=\"\" src=\"https:\/\/augenoptik-sachau.de\/wp-content\/uploads\/2025\/06\/photo-1718766907383-d85f07a0847b.jpg\" data-object-fit=\"cover\" srcset=\"https:\/\/augenoptik-sachau.de\/wp-content\/uploads\/2025\/06\/photo-1718766907383-d85f07a0847b.jpg 1280w, https:\/\/augenoptik-sachau.de\/wp-content\/uploads\/2025\/06\/photo-1718766907383-d85f07a0847b-300x225.jpg 300w, https:\/\/augenoptik-sachau.de\/wp-content\/uploads\/2025\/06\/photo-1718766907383-d85f07a0847b-1024x768.jpg 1024w, https:\/\/augenoptik-sachau.de\/wp-content\/uploads\/2025\/06\/photo-1718766907383-d85f07a0847b-768x576.jpg 768w\" sizes=\"auto, (max-width: 1280px) 100vw, 1280px\" \/><span aria-hidden=\"true\" class=\"wp-block-cover__background has-background-dim\"><\/span><div class=\"wp-block-cover__inner-container is-layout-flow wp-block-cover-is-layout-flow\">\n<div style=\"height:240px\" aria-hidden=\"true\" class=\"wp-block-spacer\"><\/div>\n\n\n\n<div class=\"wp-block-group is-layout-constrained wp-block-group-is-layout-constrained\">\n<p style=\"font-size:1.75rem;font-style:normal;font-weight:500;line-height:1.3\"><\/p>\n\n\n\n<p class=\"has-small-font-size\" style=\"margin-top:2px\">Zufriedene Kundin<\/p>\n<\/div>\n<\/div><\/div>\n<\/div>\n<\/div>\n<\/div>\n\n\n\n<div class=\"inherit-container-width wp-block-group alignfull has-ast-global-color-5-background-color has-background is-layout-constrained wp-container-core-group-is-layout-4c872afb wp-block-group-is-layout-constrained\" style=\"margin-top:0;margin-bottom:0;padding-top:min(6rem, 8vw);padding-right:min(2rem, 5vw);padding-bottom:min(6rem, 8vw);padding-left:min(2rem, 5vw)\">\n<div class=\"wp-block-group alignwide is-content-justification-space-between is-layout-flex wp-container-core-group-is-layout-9366075c wp-block-group-is-layout-flex\">\n<div class=\"wp-block-group is-layout-constrained wp-block-group-is-layout-constrained\">\n<h2 class=\"wp-block-heading has-x-large-font-size\">Vereinbaren Sie jetzt Ihr Augen-Screening<\/h2>\n\n\n\n<p style=\"margin-top:16px\">Entdecken Sie, wie unsere pr\u00e4zisen Screening-Methoden Ihre Augengesundheit f\u00f6rdern. Kontaktieren Sie uns f\u00fcr Ihren Termin und profitieren Sie von modernster Diagnostik.<\/p>\n<\/div>\n\n\n\n<div class=\"wp-block-buttons is-horizontal is-content-justification-right is-layout-flex wp-container-core-buttons-is-layout-27c00227 wp-block-buttons-is-layout-flex\">\n<div class=\"wp-block-button\"><a class=\"wp-block-button__link wp-element-button\" href=\"#\" rel=\"?page_id=1411\">Jetzt Termin buchen<\/a><\/div>\n<\/div>\n<\/div>\n<\/div>\n\n\n\n<p><\/p>\n","protected":false},"excerpt":{"rendered":"<p>Professionelles Augen-Screening mit modernster Technik Entdecken Sie unsere hochwertigen Screening-Verfahren mit Netzhautkamera und Pentacam, um Ihre Augengesundheit umfassend zu pr\u00fcfen. [&hellip;]<\/p>\n","protected":false},"author":1,"featured_media":0,"parent":0,"menu_order":1,"comment_status":"closed","ping_status":"closed","template":"","meta":{"_uag_custom_page_level_css":"","site-sidebar-layout":"default","site-content-layout":"","ast-site-content-layout":"default","site-content-style":"default","site-sidebar-style":"default","ast-global-header-display":"","ast-banner-title-visibility":"","ast-main-header-display":"","ast-hfb-above-header-display":"","ast-hfb-below-header-display":"","ast-hfb-mobile-header-display":"","site-post-title":"","ast-breadcrumbs-content":"","ast-featured-img":"","footer-sml-layout":"","ast-disable-related-posts":"","theme-transparent-header-meta":"","adv-header-id-meta":"","stick-header-meta":"","header-above-stick-meta":"","header-main-stick-meta":"","header-below-stick-meta":"","astra-migrate-meta-layouts":"default","ast-page-background-enabled":"default","ast-page-background-meta":{"desktop":{"background-color":"var(--ast-global-color-4)","background-image":"","background-repeat":"repeat","background-position":"center center","background-size":"auto","background-attachment":"scroll","background-type":"","background-media":"","overlay-type":"","overlay-color":"","overlay-opacity":"","overlay-gradient":""},"tablet":{"background-color":"","background-image":"","background-repeat":"repeat","background-position":"center center","background-size":"auto","background-attachment":"scroll","background-type":"","background-media":"","overlay-type":"","overlay-color":"","overlay-opacity":"","overlay-gradient":""},"mobile":{"background-color":"","background-image":"","background-repeat":"repeat","background-position":"center center","background-size":"auto","background-attachment":"scroll","background-type":"","background-media":"","overlay-type":"","overlay-color":"","overlay-opacity":"","overlay-gradient":""}},"ast-content-background-meta":{"desktop":{"background-color":"var(--ast-global-color-5)","background-image":"","background-repeat":"repeat","background-position":"center center","background-size":"auto","background-attachment":"scroll","background-type":"","background-media":"","overlay-type":"","overlay-color":"","overlay-opacity":"","overlay-gradient":""},"tablet":{"background-color":"var(--ast-global-color-5)","background-image":"","background-repeat":"repeat","background-position":"center center","background-size":"auto","background-attachment":"scroll","background-type":"","background-media":"","overlay-type":"","overlay-color":"","overlay-opacity":"","overlay-gradient":""},"mobile":{"background-color":"var(--ast-global-color-5)","background-image":"","background-repeat":"repeat","background-position":"center center","background-size":"auto","background-attachment":"scroll","background-type":"","background-media":"","overlay-type":"","overlay-color":"","overlay-opacity":"","overlay-gradient":""}},"footnotes":""},"class_list":["post-1799","page","type-page","status-publish","hentry"],"yoast_head":"<!-- This site is optimized with the Yoast SEO plugin v27.3 - https:\/\/yoast.com\/product\/yoast-seo-wordpress\/ -->\n<title>Augen-Screening (Vorsorge) - Augenoptik Sachau<\/title>\n<meta name=\"robots\" content=\"index, follow, max-snippet:-1, max-image-preview:large, max-video-preview:-1\" \/>\n<link rel=\"canonical\" href=\"https:\/\/augenoptik-sachau.de\/?page_id=1799\" \/>\n<meta property=\"og:locale\" content=\"de_DE\" \/>\n<meta property=\"og:type\" content=\"article\" \/>\n<meta property=\"og:title\" content=\"Augen-Screening (Vorsorge) - Augenoptik Sachau\" \/>\n<meta property=\"og:description\" content=\"Professionelles Augen-Screening mit modernster Technik Entdecken Sie unsere hochwertigen Screening-Verfahren mit Netzhautkamera und Pentacam, um Ihre Augengesundheit umfassend zu pr\u00fcfen. [&hellip;]\" \/>\n<meta property=\"og:url\" content=\"https:\/\/augenoptik-sachau.de\/?page_id=1799\" \/>\n<meta property=\"og:site_name\" content=\"Augenoptik Sachau\" \/>\n<meta property=\"article:modified_time\" content=\"2025-10-23T15:48:35+00:00\" \/>\n<meta property=\"og:image\" content=\"https:\/\/augenoptik-sachau.de\/wp-content\/uploads\/2025\/06\/photo-1631042000681-8638445d15ef.jpg\" \/>\n\t<meta property=\"og:image:width\" content=\"1280\" \/>\n\t<meta property=\"og:image:height\" content=\"1013\" \/>\n\t<meta property=\"og:image:type\" content=\"image\/jpeg\" \/>\n<meta name=\"twitter:card\" content=\"summary_large_image\" \/>\n<meta name=\"twitter:label1\" content=\"Gesch\u00e4tzte Lesezeit\" \/>\n\t<meta name=\"twitter:data1\" content=\"1\u00a0Minute\" \/>\n<script type=\"application\/ld+json\" class=\"yoast-schema-graph\">{\"@context\":\"https:\\\/\\\/schema.org\",\"@graph\":[{\"@type\":\"WebPage\",\"@id\":\"https:\\\/\\\/augenoptik-sachau.de\\\/?page_id=1799\",\"url\":\"https:\\\/\\\/augenoptik-sachau.de\\\/?page_id=1799\",\"name\":\"Augen-Screening (Vorsorge) - Augenoptik Sachau\",\"isPartOf\":{\"@id\":\"https:\\\/\\\/augenoptik-sachau.de\\\/#website\"},\"primaryImageOfPage\":{\"@id\":\"https:\\\/\\\/augenoptik-sachau.de\\\/?page_id=1799#primaryimage\"},\"image\":{\"@id\":\"https:\\\/\\\/augenoptik-sachau.de\\\/?page_id=1799#primaryimage\"},\"thumbnailUrl\":\"https:\\\/\\\/augenoptik-sachau.de\\\/wp-content\\\/uploads\\\/2025\\\/06\\\/photo-1631042000681-8638445d15ef.jpg\",\"datePublished\":\"2025-06-13T15:56:41+00:00\",\"dateModified\":\"2025-10-23T15:48:35+00:00\",\"breadcrumb\":{\"@id\":\"https:\\\/\\\/augenoptik-sachau.de\\\/?page_id=1799#breadcrumb\"},\"inLanguage\":\"de\",\"potentialAction\":[{\"@type\":\"ReadAction\",\"target\":[\"https:\\\/\\\/augenoptik-sachau.de\\\/?page_id=1799\"]}]},{\"@type\":\"ImageObject\",\"inLanguage\":\"de\",\"@id\":\"https:\\\/\\\/augenoptik-sachau.de\\\/?page_id=1799#primaryimage\",\"url\":\"https:\\\/\\\/augenoptik-sachau.de\\\/wp-content\\\/uploads\\\/2025\\\/06\\\/photo-1631042000681-8638445d15ef.jpg\",\"contentUrl\":\"https:\\\/\\\/augenoptik-sachau.de\\\/wp-content\\\/uploads\\\/2025\\\/06\\\/photo-1631042000681-8638445d15ef.jpg\",\"width\":1280,\"height\":1013},{\"@type\":\"BreadcrumbList\",\"@id\":\"https:\\\/\\\/augenoptik-sachau.de\\\/?page_id=1799#breadcrumb\",\"itemListElement\":[{\"@type\":\"ListItem\",\"position\":1,\"name\":\"Startseite\",\"item\":\"https:\\\/\\\/augenoptik-sachau.de\\\/\"},{\"@type\":\"ListItem\",\"position\":2,\"name\":\"Augen-Screening (Vorsorge)\"}]},{\"@type\":\"WebSite\",\"@id\":\"https:\\\/\\\/augenoptik-sachau.de\\\/#website\",\"url\":\"https:\\\/\\\/augenoptik-sachau.de\\\/\",\"name\":\"Augenoptik Sachau\",\"description\":\"Kompetenz in Optik und Optometrie\",\"potentialAction\":[{\"@type\":\"SearchAction\",\"target\":{\"@type\":\"EntryPoint\",\"urlTemplate\":\"https:\\\/\\\/augenoptik-sachau.de\\\/?s={search_term_string}\"},\"query-input\":{\"@type\":\"PropertyValueSpecification\",\"valueRequired\":true,\"valueName\":\"search_term_string\"}}],\"inLanguage\":\"de\"}]}<\/script>\n<!-- \/ Yoast SEO plugin. -->","yoast_head_json":{"title":"Augen-Screening (Vorsorge) - Augenoptik Sachau","robots":{"index":"index","follow":"follow","max-snippet":"max-snippet:-1","max-image-preview":"max-image-preview:large","max-video-preview":"max-video-preview:-1"},"canonical":"https:\/\/augenoptik-sachau.de\/?page_id=1799","og_locale":"de_DE","og_type":"article","og_title":"Augen-Screening (Vorsorge) - Augenoptik Sachau","og_description":"Professionelles Augen-Screening mit modernster Technik Entdecken Sie unsere hochwertigen Screening-Verfahren mit Netzhautkamera und Pentacam, um Ihre Augengesundheit umfassend zu pr\u00fcfen. [&hellip;]","og_url":"https:\/\/augenoptik-sachau.de\/?page_id=1799","og_site_name":"Augenoptik Sachau","article_modified_time":"2025-10-23T15:48:35+00:00","og_image":[{"width":1280,"height":1013,"url":"https:\/\/augenoptik-sachau.de\/wp-content\/uploads\/2025\/06\/photo-1631042000681-8638445d15ef.jpg","type":"image\/jpeg"}],"twitter_card":"summary_large_image","twitter_misc":{"Gesch\u00e4tzte Lesezeit":"1\u00a0Minute"},"schema":{"@context":"https:\/\/schema.org","@graph":[{"@type":"WebPage","@id":"https:\/\/augenoptik-sachau.de\/?page_id=1799","url":"https:\/\/augenoptik-sachau.de\/?page_id=1799","name":"Augen-Screening (Vorsorge) - Augenoptik Sachau","isPartOf":{"@id":"https:\/\/augenoptik-sachau.de\/#website"},"primaryImageOfPage":{"@id":"https:\/\/augenoptik-sachau.de\/?page_id=1799#primaryimage"},"image":{"@id":"https:\/\/augenoptik-sachau.de\/?page_id=1799#primaryimage"},"thumbnailUrl":"https:\/\/augenoptik-sachau.de\/wp-content\/uploads\/2025\/06\/photo-1631042000681-8638445d15ef.jpg","datePublished":"2025-06-13T15:56:41+00:00","dateModified":"2025-10-23T15:48:35+00:00","breadcrumb":{"@id":"https:\/\/augenoptik-sachau.de\/?page_id=1799#breadcrumb"},"inLanguage":"de","potentialAction":[{"@type":"ReadAction","target":["https:\/\/augenoptik-sachau.de\/?page_id=1799"]}]},{"@type":"ImageObject","inLanguage":"de","@id":"https:\/\/augenoptik-sachau.de\/?page_id=1799#primaryimage","url":"https:\/\/augenoptik-sachau.de\/wp-content\/uploads\/2025\/06\/photo-1631042000681-8638445d15ef.jpg","contentUrl":"https:\/\/augenoptik-sachau.de\/wp-content\/uploads\/2025\/06\/photo-1631042000681-8638445d15ef.jpg","width":1280,"height":1013},{"@type":"BreadcrumbList","@id":"https:\/\/augenoptik-sachau.de\/?page_id=1799#breadcrumb","itemListElement":[{"@type":"ListItem","position":1,"name":"Startseite","item":"https:\/\/augenoptik-sachau.de\/"},{"@type":"ListItem","position":2,"name":"Augen-Screening (Vorsorge)"}]},{"@type":"WebSite","@id":"https:\/\/augenoptik-sachau.de\/#website","url":"https:\/\/augenoptik-sachau.de\/","name":"Augenoptik Sachau","description":"Kompetenz in Optik und Optometrie","potentialAction":[{"@type":"SearchAction","target":{"@type":"EntryPoint","urlTemplate":"https:\/\/augenoptik-sachau.de\/?s={search_term_string}"},"query-input":{"@type":"PropertyValueSpecification","valueRequired":true,"valueName":"search_term_string"}}],"inLanguage":"de"}]}},"uagb_featured_image_src":{"full":false,"thumbnail":false,"medium":false,"medium_large":false,"large":false,"1536x1536":false,"2048x2048":false},"uagb_author_info":{"display_name":"admin","author_link":"https:\/\/augenoptik-sachau.de\/?author=1"},"uagb_comment_info":0,"uagb_excerpt":"Professionelles Augen-Screening mit modernster Technik Entdecken Sie unsere hochwertigen Screening-Verfahren mit Netzhautkamera und Pentacam, um Ihre Augengesundheit umfassend zu pr\u00fcfen. [&hellip;]","_links":{"self":[{"href":"https:\/\/augenoptik-sachau.de\/index.php?rest_route=\/wp\/v2\/pages\/1799","targetHints":{"allow":["GET"]}}],"collection":[{"href":"https:\/\/augenoptik-sachau.de\/index.php?rest_route=\/wp\/v2\/pages"}],"about":[{"href":"https:\/\/augenoptik-sachau.de\/index.php?rest_route=\/wp\/v2\/types\/page"}],"author":[{"embeddable":true,"href":"https:\/\/augenoptik-sachau.de\/index.php?rest_route=\/wp\/v2\/users\/1"}],"replies":[{"embeddable":true,"href":"https:\/\/augenoptik-sachau.de\/index.php?rest_route=%2Fwp%2Fv2%2Fcomments&post=1799"}],"version-history":[{"count":6,"href":"https:\/\/augenoptik-sachau.de\/index.php?rest_route=\/wp\/v2\/pages\/1799\/revisions"}],"predecessor-version":[{"id":1812,"href":"https:\/\/augenoptik-sachau.de\/index.php?rest_route=\/wp\/v2\/pages\/1799\/revisions\/1812"}],"wp:attachment":[{"href":"https:\/\/augenoptik-sachau.de\/index.php?rest_route=%2Fwp%2Fv2%2Fmedia&parent=1799"}],"curies":[{"name":"wp","href":"https:\/\/api.w.org\/{rel}","templated":true}]}}