{"id":3,"date":"2025-02-20T17:49:53","date_gmt":"2025-02-20T17:49:53","guid":{"rendered":"https:\/\/augenoptik-sachau.de\/?page_id=3"},"modified":"2025-06-13T13:30:53","modified_gmt":"2025-06-13T13:30:53","slug":"privacy-policy","status":"publish","type":"page","link":"https:\/\/augenoptik-sachau.de\/?page_id=3","title":{"rendered":"Datenschutz und Impressum"},"content":{"rendered":"\n<p><strong>Aufsichtsbeh\u00f6rde:<\/strong> Handwerkskammer Frankfurt\/Oder<\/p>\n\n\n\n<h2 class=\"wp-block-heading\"><strong>Umsatzsteuer-ID:DE 190884842<\/strong><\/h2>\n\n\n\n<p><strong class=\"privacy-policy-tutorial\"> <\/strong>Our website address is: https:\/\/augenoptik-sachau.de<\/p>\n\n\n\n<h2 class=\"wp-block-heading\">Zu dieser<strong> Datenschutzerkl\u00e4rung<\/strong><\/h2>\n\n\n\n<p>Der Schutz Ihrer Privatsph\u00e4re ist uns ein wichtiges Anliegen. Deshalb m\u00f6chten wir Sie bitten, die nachfolgende Zusammenfassung \u00fcber die Funktionsweise unserer Webseite www.augenoptik-sachau.de aufmerksam zu lesen.<\/p>\n\n\n\n<p>Die hier aufgef\u00fchrte Datenschutzerkl\u00e4rung entspricht den Richtlinien der DSGVO und des BDSG. Sie soll \u00fcber die Art, den Zweck und die Verwendung personenbezogener Daten durch den Websitebetreiber ( Augenoptik Sachau) informieren.<\/p>\n\n\n\n<p>Gleichwohl unsere Seite mit verschiedenen Sicherheitsvorkehrungen ausgestattet ist, kann kein vollst\u00e4ndiger Schutz Ihrer Daten gew\u00e4hrleistet werden, da Sicherheitsl\u00fccken im Internet nicht ausgeschlossen werden k\u00f6nnen. Sollten SieAnliegen bzgl. Ihrer Daten haben, finden Sie am Ende des Textes die entsprechenden Kontaktdaten unserer Ansprechpartner.<\/p>\n\n\n\n<p><strong>Personenbezogene Daten<\/strong><\/p>\n\n\n\n<p>Laut DSGVO besteht f\u00fcr uns die Verpflichtung, den gesamten Umfang aller derartigen Daten aufzulisten. Dabei sind personenbezogene Daten besonders sensibel \u2013 dies meint alle Informationen, welche sich eindeutig auf eine bestimmte, nat\u00fcrliche Person zur\u00fcckf\u00fchren lassen.<\/p>\n\n\n\n<p>Durch die Nutzung unserer Website werden keine personenbezogenen Daten wie Vor- u Nachname, Anschrift, Geburtsdatum, E-Mail-Adresse oder IP-Adresse erhoben.<\/p>\n\n\n\n<p><strong>Log- Dateien<\/strong><\/p>\n\n\n\n<p>Eine Logdatei wird im Zuge eines automatischen Protokolls des verarbeitenden Computersystems erstellt.<\/p>\n\n\n\n<p>Unser Websiteprovider analysiert Log-Dateien zu Statistikzwecken. So wird erfasst, an welchem Datum, Uhrzeit und mit welcher H\u00e4ufigkeit die Seite besucht wird. Dabei kann auch nachvollzogen werden, wie Sie auf die Seite gelangt sind (vorherige Seite, Suchfunktion, etc) und welchen Browser mit welcher Version Sie verwenden.<\/p>\n\n\n\n<p>Wir versichern, dass diese Daten ausschlie\u00dflich dem Funktionieren, der statistischen Auswertung und der Verbesserung unseres Angebotes dienen.<\/p>\n\n\n\n<p>Laut geltenden Vorschriften werden diese Daten nur f\u00fcr die Zeit erhoben, wie Sie unseren Service nutzen. Die gesetzlich geltenden L\u00f6schvorschriften werden eingehalten.<\/p>\n\n\n\n<p><strong>YouTube<\/strong><\/p>\n\n\n\n<p>Teilweise nutzt unsere Website per iframe eingebundene Videos der von Google betriebenen Seite YouTube. Betreiber der Seiten ist die YouTube, LLC, 901 Cherry Ave., San Bruno, CA 94066, USA. Wenn Sie eine unserer Seiten besuchen, auf denen YouTube-Videos eingebunden sind, wird eine Verbindung zu den Servern von YouTube hergestellt. Dabei wird dem YouTube-Server mitgeteilt, welche unserer Seiten Sie besucht haben. Wenn Sie in Ihrem YouTube-Account eingeloggt sind, erm\u00f6glichen Sie YouTube, Ihr Surfverhalten direkt Ihrem pers\u00f6nlichen Profil zuzuordnen. Dies k\u00f6nnen Sie verhindern, indem Sie sich aus Ihrem YouTube-Account ausloggen. Die Nutzung von YouTube erfolgt im Interesse einer ansprechenden Darstellung unserer Online-Angebote. Dies stellt ein berechtigtes Interesse im Sinne von Art. 6 Abs. 1 lit. f DSGVO dar. Weitere Informationen zum Umgang mit Nutzerdaten finden Sie in der Datenschutzerkl\u00e4rung von YouTube unter:&nbsp;<a href=\"https:\/\/www.google.de\/intl\/de\/policies\/privacy\" target=\"_blank\" rel=\"noreferrer noopener\">https:\/\/www.google.de\/intl\/de\/policies\/privacy<\/a>.<\/p>\n\n\n\n<p><strong>Datenweitergabe an Dritte<\/strong><\/p>\n\n\n\n<p>Grunds\u00e4tzlich werden Ihre Daten von uns nicht an Dritte vermittelt. Au\u00dferdem stellen wir durch entsprechende Ma\u00dfnahmen und regelm\u00e4\u00dfige Kontrollen sicher, dass die von uns erhobenen Daten nicht durch Dritte von au\u00dfen eingesehen oder abgegriffen werden k\u00f6nnen.<\/p>\n\n\n\n<p>Ihre Rechte<\/p>\n\n\n\n<p>Selbstverst\u00e4ndlich haben Sie in Bezug auf die Erhebung Ihrer Daten Rechte. Laut geltendem Gesetz sind wir dazu verpflichtet, Sie \u00fcber dieselben aufzukl\u00e4ren.<\/p>\n\n\n\n<p>Auskunftsrecht<\/p>\n\n\n\n<p>Sie haben das Recht, von uns eine Best\u00e4tigung zu verlangen, ob und wie wir personenbezogene Daten von Ihnen beziehen. Dieses Recht ist durch die vorliegende Datenschutzerkl\u00e4rung realisiert.<\/p>\n\n\n\n<p>Recht auf Berichtigung, L\u00f6schung oder Sperrung<\/p>\n\n\n\n<p>Sie haben das Recht, ihre Daten berichtigen, l\u00f6schen oder sperren(wenn eine L\u00f6schung nicht m\u00f6glich ist) zu lassen.<\/p>\n\n\n\n<p>Beschwerderecht<\/p>\n\n\n\n<p>Sie haben das Recht, sich bei einer Aufsichtsbeh\u00f6rde bzw. einer zust\u00e4ndigen Stelle zu beschweren, insofern Sie einen Grund zur Beanstandung haben sollten. F\u00fcr die Inanspruchnahme dieses Rechts und der zwei vorgenannten wenden Sie sich bitte an die am Ende aufgef\u00fchrte Kontaktperson.<\/p>\n\n\n\n<p><strong>Verantwortlich f\u00fcr die Datenerhebung<\/strong><\/p>\n\n\n\n<p>F\u00fcr Fragen, Ausk\u00fcnfte, Antr\u00e4ge, Beschwerden oder Kritik hinsichtlich unseres Datenschutzes k\u00f6nnen Sie sich an folgende Stelle wenden:<\/p>\n\n\n\n<p>Augenoptik Sachau<\/p>\n\n\n\n<p>Klosterfelder Hauptstr. 68<\/p>\n\n\n\n<p>16348 Wandlitz<\/p>\n\n\n\n<p>Kontakt:<\/p>\n\n\n\n<p>Telefon: +49 33396 70707<\/p>\n\n\n\n<p>Telefax: +49 33396 70700<\/p>\n\n\n\n<p>E-Mail: ao-sachau@gmx.de<\/p>\n\n\n\n<p>\u00c4nderung der Datenschutzerkl\u00e4rung<\/p>\n\n\n\n<p>Wir als Verantwortliche behalten es uns vor, die Datenschutzerkl\u00e4rung jederzeit im Hinblick auf geltende Datenschutzvorschriften zu ver\u00e4ndern und diese umzusetzen.<\/p>\n\n\n\n<p>Wir empfehlen Ihnen, diese Datenschutzerkl\u00e4rung regelm\u00e4\u00dfig zu lesen, um \u00fcber den Schutz der von uns erfassten pers\u00f6nlichen Daten auf dem Laufenden zu bleiben. Durch die fortgesetzte Nutzung des Dienstes erkl\u00e4ren Sie sich mit dieser Datenschutzerkl\u00e4rung und deren Aktualisierung einverstanden. Derzeitiger Stand: 09\/2022.<\/p>\n\n\n\n<p>Augenoptik Sachau&nbsp;<\/p>\n\n\n\n<p>Inh. Marina Sachau &#8211; Fischer<\/p>\n\n\n\n<p>Augenoptikermeisterin (HWK) und Optometristin (ZVA)<br>Klosterfelder Hauptstr. 68<br>16348 Wandlitz<\/p>\n\n\n\n<p><strong>Urheberrechtliches:<\/strong><\/p>\n\n\n\n<p>Alle auf dieser Website enthaltenen gesch\u00fctzten Marken, wie Logos, Bildmaterial u.a. sind Eigentum der Firma Augenoptik Sachau oder Dritter. Diese d\u00fcrfen ohne vorherige schriftliche Einwilligung nicht verwandt, dauerhaft heruntergeladen, kopiert oder verbreitet werden.<\/p>\n\n\n\n<p><strong>Haftungsausschluss:<\/strong><\/p>\n\n\n\n<p>Trotz sorgf\u00e4ltiger inhaltlicher Kontrolle \u00fcbernehmen wir keine Haftung f\u00fcr die Inhalte externer Links. F\u00fcr die Inhalte der verlinkten Seiten sind ausschlie\u00dflich deren Betreiber verantwortlich.<\/p>\n\n\n\n<p><\/p>\n","protected":false},"excerpt":{"rendered":"<p>Aufsichtsbeh\u00f6rde: Handwerkskammer Frankfurt\/Oder Umsatzsteuer-ID:DE 190884842 Our website address is: https:\/\/augenoptik-sachau.de Zu dieser Datenschutzerkl\u00e4rung Der Schutz Ihrer Privatsph\u00e4re ist uns ein [&hellip;]<\/p>\n","protected":false},"author":1,"featured_media":0,"parent":0,"menu_order":0,"comment_status":"closed","ping_status":"open","template":"","meta":{"_uag_custom_page_level_css":"","site-sidebar-layout":"default","site-content-layout":"","ast-site-content-layout":"default","site-content-style":"default","site-sidebar-style":"default","ast-global-header-display":"","ast-banner-title-visibility":"","ast-main-header-display":"","ast-hfb-above-header-display":"","ast-hfb-below-header-display":"","ast-hfb-mobile-header-display":"","site-post-title":"","ast-breadcrumbs-content":"","ast-featured-img":"","footer-sml-layout":"","ast-disable-related-posts":"","theme-transparent-header-meta":"","adv-header-id-meta":"","stick-header-meta":"","header-above-stick-meta":"","header-main-stick-meta":"","header-below-stick-meta":"","astra-migrate-meta-layouts":"default","ast-page-background-enabled":"default","ast-page-background-meta":{"desktop":{"background-color":"var(--ast-global-color-4)","background-image":"","background-repeat":"repeat","background-position":"center center","background-size":"auto","background-attachment":"scroll","background-type":"","background-media":"","overlay-type":"","overlay-color":"","overlay-opacity":"","overlay-gradient":""},"tablet":{"background-color":"","background-image":"","background-repeat":"repeat","background-position":"center center","background-size":"auto","background-attachment":"scroll","background-type":"","background-media":"","overlay-type":"","overlay-color":"","overlay-opacity":"","overlay-gradient":""},"mobile":{"background-color":"","background-image":"","background-repeat":"repeat","background-position":"center center","background-size":"auto","background-attachment":"scroll","background-type":"","background-media":"","overlay-type":"","overlay-color":"","overlay-opacity":"","overlay-gradient":""}},"ast-content-background-meta":{"desktop":{"background-color":"var(--ast-global-color-5)","background-image":"","background-repeat":"repeat","background-position":"center center","background-size":"auto","background-attachment":"scroll","background-type":"","background-media":"","overlay-type":"","overlay-color":"","overlay-opacity":"","overlay-gradient":""},"tablet":{"background-color":"var(--ast-global-color-5)","background-image":"","background-repeat":"repeat","background-position":"center center","background-size":"auto","background-attachment":"scroll","background-type":"","background-media":"","overlay-type":"","overlay-color":"","overlay-opacity":"","overlay-gradient":""},"mobile":{"background-color":"var(--ast-global-color-5)","background-image":"","background-repeat":"repeat","background-position":"center center","background-size":"auto","background-attachment":"scroll","background-type":"","background-media":"","overlay-type":"","overlay-color":"","overlay-opacity":"","overlay-gradient":""}},"footnotes":""},"class_list":["post-3","page","type-page","status-publish","hentry"],"yoast_head":"<!-- This site is optimized with the Yoast SEO plugin v27.5 - https:\/\/yoast.com\/product\/yoast-seo-wordpress\/ -->\n<title>Datenschutz und Impressum - Augenoptik Sachau<\/title>\n<meta name=\"robots\" content=\"index, follow, max-snippet:-1, max-image-preview:large, max-video-preview:-1\" \/>\n<link rel=\"canonical\" href=\"https:\/\/augenoptik-sachau.de\/?page_id=3\" \/>\n<meta property=\"og:locale\" content=\"de_DE\" \/>\n<meta property=\"og:type\" content=\"article\" \/>\n<meta property=\"og:title\" content=\"Datenschutz und Impressum - Augenoptik Sachau\" \/>\n<meta property=\"og:description\" content=\"Aufsichtsbeh\u00f6rde: Handwerkskammer Frankfurt\/Oder Umsatzsteuer-ID:DE 190884842 Our website address is: https:\/\/augenoptik-sachau.de Zu dieser Datenschutzerkl\u00e4rung Der Schutz Ihrer Privatsph\u00e4re ist uns ein [&hellip;]\" \/>\n<meta property=\"og:url\" content=\"https:\/\/augenoptik-sachau.de\/?page_id=3\" \/>\n<meta property=\"og:site_name\" content=\"Augenoptik Sachau\" \/>\n<meta property=\"article:modified_time\" content=\"2025-06-13T13:30:53+00:00\" \/>\n<meta name=\"twitter:card\" content=\"summary_large_image\" \/>\n<meta name=\"twitter:label1\" content=\"Gesch\u00e4tzte Lesezeit\" \/>\n\t<meta name=\"twitter:data1\" content=\"4\u00a0Minuten\" \/>\n<script type=\"application\/ld+json\" class=\"yoast-schema-graph\">{\"@context\":\"https:\\\/\\\/schema.org\",\"@graph\":[{\"@type\":\"WebPage\",\"@id\":\"https:\\\/\\\/augenoptik-sachau.de\\\/?page_id=3\",\"url\":\"https:\\\/\\\/augenoptik-sachau.de\\\/?page_id=3\",\"name\":\"Datenschutz und Impressum - Augenoptik Sachau\",\"isPartOf\":{\"@id\":\"https:\\\/\\\/augenoptik-sachau.de\\\/#website\"},\"datePublished\":\"2025-02-20T17:49:53+00:00\",\"dateModified\":\"2025-06-13T13:30:53+00:00\",\"breadcrumb\":{\"@id\":\"https:\\\/\\\/augenoptik-sachau.de\\\/?page_id=3#breadcrumb\"},\"inLanguage\":\"de\",\"potentialAction\":[{\"@type\":\"ReadAction\",\"target\":[\"https:\\\/\\\/augenoptik-sachau.de\\\/?page_id=3\"]}]},{\"@type\":\"BreadcrumbList\",\"@id\":\"https:\\\/\\\/augenoptik-sachau.de\\\/?page_id=3#breadcrumb\",\"itemListElement\":[{\"@type\":\"ListItem\",\"position\":1,\"name\":\"Startseite\",\"item\":\"https:\\\/\\\/augenoptik-sachau.de\\\/\"},{\"@type\":\"ListItem\",\"position\":2,\"name\":\"Datenschutz und Impressum\"}]},{\"@type\":\"WebSite\",\"@id\":\"https:\\\/\\\/augenoptik-sachau.de\\\/#website\",\"url\":\"https:\\\/\\\/augenoptik-sachau.de\\\/\",\"name\":\"Augenoptik Sachau\",\"description\":\"Kompetenz in Optik und Optometrie\",\"potentialAction\":[{\"@type\":\"SearchAction\",\"target\":{\"@type\":\"EntryPoint\",\"urlTemplate\":\"https:\\\/\\\/augenoptik-sachau.de\\\/?s={search_term_string}\"},\"query-input\":{\"@type\":\"PropertyValueSpecification\",\"valueRequired\":true,\"valueName\":\"search_term_string\"}}],\"inLanguage\":\"de\"}]}<\/script>\n<!-- \/ Yoast SEO plugin. -->","yoast_head_json":{"title":"Datenschutz und Impressum - Augenoptik Sachau","robots":{"index":"index","follow":"follow","max-snippet":"max-snippet:-1","max-image-preview":"max-image-preview:large","max-video-preview":"max-video-preview:-1"},"canonical":"https:\/\/augenoptik-sachau.de\/?page_id=3","og_locale":"de_DE","og_type":"article","og_title":"Datenschutz und Impressum - Augenoptik Sachau","og_description":"Aufsichtsbeh\u00f6rde: Handwerkskammer Frankfurt\/Oder Umsatzsteuer-ID:DE 190884842 Our website address is: https:\/\/augenoptik-sachau.de Zu dieser Datenschutzerkl\u00e4rung Der Schutz Ihrer Privatsph\u00e4re ist uns ein [&hellip;]","og_url":"https:\/\/augenoptik-sachau.de\/?page_id=3","og_site_name":"Augenoptik Sachau","article_modified_time":"2025-06-13T13:30:53+00:00","twitter_card":"summary_large_image","twitter_misc":{"Gesch\u00e4tzte Lesezeit":"4\u00a0Minuten"},"schema":{"@context":"https:\/\/schema.org","@graph":[{"@type":"WebPage","@id":"https:\/\/augenoptik-sachau.de\/?page_id=3","url":"https:\/\/augenoptik-sachau.de\/?page_id=3","name":"Datenschutz und Impressum - Augenoptik Sachau","isPartOf":{"@id":"https:\/\/augenoptik-sachau.de\/#website"},"datePublished":"2025-02-20T17:49:53+00:00","dateModified":"2025-06-13T13:30:53+00:00","breadcrumb":{"@id":"https:\/\/augenoptik-sachau.de\/?page_id=3#breadcrumb"},"inLanguage":"de","potentialAction":[{"@type":"ReadAction","target":["https:\/\/augenoptik-sachau.de\/?page_id=3"]}]},{"@type":"BreadcrumbList","@id":"https:\/\/augenoptik-sachau.de\/?page_id=3#breadcrumb","itemListElement":[{"@type":"ListItem","position":1,"name":"Startseite","item":"https:\/\/augenoptik-sachau.de\/"},{"@type":"ListItem","position":2,"name":"Datenschutz und Impressum"}]},{"@type":"WebSite","@id":"https:\/\/augenoptik-sachau.de\/#website","url":"https:\/\/augenoptik-sachau.de\/","name":"Augenoptik Sachau","description":"Kompetenz in Optik und Optometrie","potentialAction":[{"@type":"SearchAction","target":{"@type":"EntryPoint","urlTemplate":"https:\/\/augenoptik-sachau.de\/?s={search_term_string}"},"query-input":{"@type":"PropertyValueSpecification","valueRequired":true,"valueName":"search_term_string"}}],"inLanguage":"de"}]}},"uagb_featured_image_src":{"full":false,"thumbnail":false,"medium":false,"medium_large":false,"large":false,"1536x1536":false,"2048x2048":false},"uagb_author_info":{"display_name":"admin","author_link":"https:\/\/augenoptik-sachau.de\/?author=1"},"uagb_comment_info":0,"uagb_excerpt":"Aufsichtsbeh\u00f6rde: Handwerkskammer Frankfurt\/Oder Umsatzsteuer-ID:DE 190884842 Our website address is: https:\/\/augenoptik-sachau.de Zu dieser Datenschutzerkl\u00e4rung Der Schutz Ihrer Privatsph\u00e4re ist uns ein [&hellip;]","_links":{"self":[{"href":"https:\/\/augenoptik-sachau.de\/index.php?rest_route=\/wp\/v2\/pages\/3","targetHints":{"allow":["GET"]}}],"collection":[{"href":"https:\/\/augenoptik-sachau.de\/index.php?rest_route=\/wp\/v2\/pages"}],"about":[{"href":"https:\/\/augenoptik-sachau.de\/index.php?rest_route=\/wp\/v2\/types\/page"}],"author":[{"embeddable":true,"href":"https:\/\/augenoptik-sachau.de\/index.php?rest_route=\/wp\/v2\/users\/1"}],"replies":[{"embeddable":true,"href":"https:\/\/augenoptik-sachau.de\/index.php?rest_route=%2Fwp%2Fv2%2Fcomments&post=3"}],"version-history":[{"count":4,"href":"https:\/\/augenoptik-sachau.de\/index.php?rest_route=\/wp\/v2\/pages\/3\/revisions"}],"predecessor-version":[{"id":1790,"href":"https:\/\/augenoptik-sachau.de\/index.php?rest_route=\/wp\/v2\/pages\/3\/revisions\/1790"}],"wp:attachment":[{"href":"https:\/\/augenoptik-sachau.de\/index.php?rest_route=%2Fwp%2Fv2%2Fmedia&parent=3"}],"curies":[{"name":"wp","href":"https:\/\/api.w.org\/{rel}","templated":true}]}}